{"id":150,"date":"2021-08-12T07:53:30","date_gmt":"2021-08-12T05:53:30","guid":{"rendered":"http:\/\/artisansdhumanite.fr\/?page_id=150"},"modified":"2021-08-25T10:14:27","modified_gmt":"2021-08-25T08:14:27","slug":"acccompagner-la-vie-affective-et-sexuelle","status":"publish","type":"page","link":"https:\/\/artisansdhumanite.fr\/index.php\/nos-formation\/acccompagner-la-vie-affective-et-sexuelle\/","title":{"rendered":"Acccompagner la vie affective et sexuelle"},"content":{"rendered":"\t\t<div data-elementor-type=\"wp-page\" data-elementor-id=\"150\" class=\"elementor elementor-150\" data-elementor-settings=\"[]\">\n\t\t\t\t\t\t\t<div class=\"elementor-section-wrap\">\n\t\t\t\t\t\t\t<section class=\"elementor-section elementor-top-section elementor-element elementor-element-4d1c31f elementor-section-boxed elementor-section-height-default elementor-section-height-default\" data-id=\"4d1c31f\" data-element_type=\"section\">\n\t\t\t\t\t\t<div class=\"elementor-container elementor-column-gap-default\">\n\t\t\t\t\t<div class=\"elementor-column elementor-col-50 elementor-top-column elementor-element elementor-element-723941c\" data-id=\"723941c\" data-element_type=\"column\">\n\t\t\t<div class=\"elementor-widget-wrap elementor-element-populated\">\n\t\t\t\t\t\t\t\t<div class=\"elementor-element elementor-element-8481526 elementor-widget elementor-widget-text-editor\" data-id=\"8481526\" data-element_type=\"widget\" data-widget_type=\"text-editor.default\">\n\t\t\t\t<div class=\"elementor-widget-container\">\n\t\t\t\t\t\t\t\t<p><img loading=\"lazy\" decoding=\"async\" src=\"http:\/\/sc1jsxj5307.universe.wf\/wp-content\/uploads\/2021\/08\/Image1-6-300x200.png\" alt=\"\" class=\"alignnone size-medium wp-image-269\" width=\"300\" height=\"200\" srcset=\"https:\/\/artisansdhumanite.fr\/wp-content\/uploads\/2021\/08\/Image1-6-300x200.png 300w, https:\/\/artisansdhumanite.fr\/wp-content\/uploads\/2021\/08\/Image1-6-360x240.png 360w, https:\/\/artisansdhumanite.fr\/wp-content\/uploads\/2021\/08\/Image1-6.png 411w\" sizes=\"auto, (max-width: 300px) 100vw, 300px\" \/><\/p>\t\t\t\t\t\t<\/div>\n\t\t\t\t<\/div>\n\t\t\t\t\t<\/div>\n\t\t<\/div>\n\t\t\t\t<div class=\"elementor-column elementor-col-50 elementor-top-column elementor-element elementor-element-8e2965a\" data-id=\"8e2965a\" data-element_type=\"column\">\n\t\t\t<div class=\"elementor-widget-wrap elementor-element-populated\">\n\t\t\t\t\t\t\t\t<div class=\"elementor-element elementor-element-459ed75 elementor-widget elementor-widget-text-editor\" data-id=\"459ed75\" data-element_type=\"widget\" data-widget_type=\"text-editor.default\">\n\t\t\t\t<div class=\"elementor-widget-container\">\n\t\t\t\t\t\t\t\t<p><i>Comment peut-on d\u00e9finir la vie affective et la vie sexuelle (VAS) ? Existe-t-il des sp\u00e9cificit\u00e9s li\u00e9es au handicap ?<\/i><\/p>\n<p><i>Quelle diff\u00e9rence entre \u00e9ducation sexuelle et accompagnement \u00e0 la vie sexuelle ?<\/i><\/p>\n<p><i>Au niveau l\u00e9gal, que dit la loi en termes de vie sexuelle des personnes en situation de handicap ?<\/i><\/p>\n<p><i>Qu\u2019en est-il des obligations des institutions accueillantes? Comment allier vie en collectivit\u00e9 et libert\u00e9 personnelle ? Comment aborder la vie affective et sexuelle avec les r\u00e9sidents ? Quel accompagnement pour le personnel ?<\/i><\/p>\t\t\t\t\t\t<\/div>\n\t\t\t\t<\/div>\n\t\t\t\t\t<\/div>\n\t\t<\/div>\n\t\t\t\t\t\t\t<\/div>\n\t\t<\/section>\n\t\t\t\t<section class=\"elementor-section elementor-top-section elementor-element elementor-element-baaa36d elementor-section-boxed elementor-section-height-default elementor-section-height-default\" data-id=\"baaa36d\" data-element_type=\"section\">\n\t\t\t\t\t\t<div class=\"elementor-container elementor-column-gap-default\">\n\t\t\t\t\t<div class=\"elementor-column elementor-col-100 elementor-top-column elementor-element elementor-element-0f2a8ab\" data-id=\"0f2a8ab\" data-element_type=\"column\">\n\t\t\t<div class=\"elementor-widget-wrap elementor-element-populated\">\n\t\t\t\t\t\t\t\t<div class=\"elementor-element elementor-element-f15b6ef elementor-widget elementor-widget-text-editor\" data-id=\"f15b6ef\" data-element_type=\"widget\" data-widget_type=\"text-editor.default\">\n\t\t\t\t<div class=\"elementor-widget-container\">\n\t\t\t\t\t\t\t\t<p><!-- wp:media-text {\"mediaId\":199,\"mediaLink\":\"http:\/\/sc1jsxj5307.universe.wf\/index.php\/nos-formation\/faire-autorite-et-porter-la-sanction\/sanctions\/\",\"mediaType\":\"image\",\"mediaWidth\":31} --><\/p>\n<div class=\"wp-block-media-text alignwide is-stacked-on-mobile\" style=\"grid-template-columns: 31% auto;\">\n<div class=\"wp-block-media-text__content\">\n<p><!-- wp:paragraph --><\/p>\n<p><i><\/i><i><\/i><\/p>\n<p><\/p>\n<p><!-- \/wp:paragraph --><\/p>\n<\/div>\n<\/div>\n<p><!-- \/wp:media-text --><\/p>\n<p><!-- wp:heading {\"textColor\":\"accent\"} --><\/p>\n<h2 class=\"has-accent-color has-text-color\"><strong>Les enjeux auxquels r\u00e9pondre<\/strong><\/h2>\n<p><!-- \/wp:heading --><\/p>\n<p><!-- wp:paragraph --><\/p>\n<p>Ancrer une culture d\u2019accompagnement au plus pr\u00e8s de la personne, et poser les bases d\u2019un accompagnement de la vie affective et personnelle qui se traduisent <b>en<\/b> <b>posture<\/b> (pour les accompagnants) et <b>en<\/b> <b>action <\/b>(pour l\u2019institution).<\/p>\n<p><\/p>\n<p>Cette culture devra \u00eatre :<\/p>\n<ul>\n<li>ajust\u00e9e \u00e0 la personne accueillie dans sa globalit\u00e9<\/li>\n<\/ul>\n<p><\/p>\n<ul>\n<li>coh\u00e9rente avec la dignit\u00e9 de la personne humaine<\/li>\n<\/ul>\n<p><\/p>\n<ul>\n<li>traduite dans des postures des accompagnants et transmissible \u00e0 l\u2019\u00e9quipe pluridisciplinaire.<\/li>\n<\/ul>\n<p><\/p>\n<p><!-- \/wp:paragraph --><\/p>\n<p><!-- wp:paragraph --><\/p>\n<p><!-- \/wp:paragraph --><\/p>\n<p><!-- wp:heading {\"textColor\":\"accent\"} --><\/p>\n<h2 class=\"has-accent-color has-text-color\"><strong>Les objectifs<\/strong><\/h2>\n<p><!-- \/wp:heading --><\/p>\n<p><!-- wp:paragraph --><\/p>\n<ul><\/ul>\n<ul>\n<li>\u00b7 Relire sa pratique, enrichir sa r\u00e9flexion et poser des rep\u00e8res communs concernant la vie affective et sexuelle dans un parcours de vie normale et la sp\u00e9cificit\u00e9 relevant des handicaps.<\/li>\n<li>Accompagner les personnes en situation de handicap dans la construction de son identit\u00e9, son intimit\u00e9 et ses relations dans le cadre institutionnel et juridique.<\/li>\n<li>Favoriser le juste positionnement des accompagnateurs, individuellement et en \u00e9quipe.<\/li>\n<\/ul>\n<p><\/p>\n<p><!-- \/wp:paragraph --><\/p>\n<p><!-- wp:paragraph --><\/p>\n<p><!-- \/wp:paragraph --><\/p>\n<p><!-- wp:heading {\"textColor\":\"accent\"} --><\/p>\n<h2 class=\"has-accent-color has-text-color\"><strong>Notre proposition<\/strong><\/h2>\n<p><!-- \/wp:heading --><\/p>\n<p><!-- wp:paragraph --><\/p>\n<ul>\n<li>\n<p>A travers une formation adapt\u00e9e \u00e0 vos besoins (dur\u00e9e et format ajustables), nous traitons les th\u00e9matiques suivantes :<\/p>\n<ul>\n<li>La construction de l\u2019identit\u00e9 chez Erik Erikson : similitudes et diff\u00e9rences dans la vie d\u2019une personne en situation de handicap<\/li>\n<li>D\u00e9finition des termes : affectivit\u00e9, sexualit\u00e9 &#8230;<\/li>\n<li>Rep\u00e8res : respect, intimit\u00e9, consentement, l\u2019interdit de la violence dans la relation, prise en compte de l\u2019histoire de la personne et de sa globalit\u00e9<\/li>\n<li>Education et accompagnement de la vie affective et sexuelle : pi\u00e8ges, pratiques et postures<\/li>\n<li>Savoir \u00e9couter, savoir parler<\/li>\n<li>Th\u00e8mes sp\u00e9cifiques comme la masturbation, la contraception, le d\u00e9sir d\u2019enfant etc. \/ se familiariser avec des outils (par ex. la Mallette Hommes et Femmes, Universit\u00e9 de Namur)<\/li>\n<li>Ressources internes et externes pour une relation de couple et la posture d\u2019accompagnement<\/li>\n<li>Dimension institutionnelle : int\u00e9grer les acquis dans un PE, les PP, \u00e9laborer des nouvelles propositions (mise en place de groupes de parole, \u00e9criture d\u2019une Charte de l\u2019accompagnement de la VAS etc.)<\/li>\n<\/ul>\n<p><\/p>\n<p>Dans la dur\u00e9e nous pouvons mettre en place :<\/p>\n<ul>\n<li>Supervision des animateurs de groupes de parole ou des personnes ressource pour la VAS \u00e0 l\u2019int\u00e9rieur de l\u2019\u00e9tablissement<\/li>\n<li>Animation de groupes de paroles avec les r\u00e9sidents<\/li>\n<\/ul>\n<p><\/p>\n<\/li>\n<\/ul>\n<p><!-- \/wp:paragraph --><\/p>\n<p><!-- wp:paragraph --><\/p>\n<p><!-- \/wp:paragraph --><\/p>\n<p><!-- wp:heading {\"textColor\":\"accent\"} --><\/p>\n<h2 class=\"has-accent-color has-text-color\"><strong>Public concern\u00e9 et pr\u00e9-requis<\/strong><\/h2>\n<p><!-- \/wp:heading --><\/p>\n<p><!-- wp:paragraph --><\/p>\n<p><strong>Salari\u00e9 ou b\u00e9n\u00e9vole en situation d\u2019accompagnement <\/strong>au sein d\u2019association ou d\u2019\u00e9tablissement proposant un service d\u2019accueil, d\u2019\u00e9coute ou d\u2019accompagnement,<br \/>en particulier de personnes en situations<br \/>difficiles ou instables.<\/p>\n<p><!-- \/wp:paragraph --><\/p>\n<p><!-- wp:paragraph --><\/p>\n<p><em>Educateurs, aides-soignants, AMP, managers interm\u00e9diaires, chefs de services, \u00e9quipes m\u00e9dicales, surveillants de nuit, etc.<\/em><\/p>\n<p><!-- \/wp:paragraph --><\/p>\n<p><!-- wp:paragraph --><\/p>\n<p><!-- \/wp:paragraph --><\/p>\n<p><!-- wp:heading {\"textColor\":\"accent\"} --><\/p>\n<h2 class=\"has-accent-color has-text-color\"><strong>Notre approche<\/strong><\/h2>\n<p><!-- \/wp:heading --><\/p>\n<p><!-- wp:paragraph --><\/p>\n<p>La formation permet la <b>mise en mouvement<\/b> <b>institutionnelle et<\/b> <b>communautaire <\/b>vers une consid\u00e9ration plus int\u00e9grale de la personne accueillie.<\/p>\n<p><\/p>\n<p>Le sujet pourra \u00eatre abord\u00e9 en toute s\u00e9r\u00e9nit\u00e9 entre les personnes accueillies, les professionnels et les volontaires.<\/p>\n<p><\/p>\n<p>Les \u00e9quipes d\u2019accompagnement trouveront des <b>cl\u00e9s<\/b> <b>de<\/b> <b>lecture<\/b> qui leur permettront une vraie \u00e9coute des personnes accueillies et de leur questionnement tout en adoptant, gr\u00e2ce aux rep\u00e8res, une <b>posture s\u00e9curisante<\/b>, empathique et juste.<\/p>\n<p><\/p>\n<p><!-- \/wp:paragraph --><\/p>\n<p><!-- wp:paragraph --><\/p>\n<p><!-- \/wp:paragraph --><\/p>\n<p><!-- wp:heading {\"textColor\":\"accent\"} --><\/p>\n<h2 class=\"has-accent-color has-text-color\"><strong>Les intervenants<\/strong><\/h2>\n<p><!-- \/wp:heading --><\/p>\n<p><!-- wp:paragraph --><\/p>\n<p>Tous les intervenants en relectures de pratiques de l\u2019Institut\u00a0 sont des professionnels de l\u2019accompagne- ment avec une forte exp\u00e9rience du terrain. Nous choisissons ensemble l\u2019intervenant correspondant le plus \u00e0 vos enjeux et objectifs mais aussi \u00e0 ceux de l\u2019\u00e9quipe accompagn\u00e9e. La diversit\u00e9 des profils de nos intervenants permet, en fonction de votre contexte, des apports issus des champs de la psychologie, du coaching, de l\u2019analyse transactionnelle, de l\u2019approche syst\u00e9mique ou encore de la communication non-violente.<\/p>\n<p>D\u00e9couvrez tous les intervenants sur notre site internet<\/p>\n<p><!-- \/wp:paragraph --><\/p>\n<p><!-- wp:paragraph --><\/p>\n<p>D\u00e9couvrez tous les intervenants <a href=\"http:\/\/sc1jsxj5307.universe.wf\/index.php\/presentation-des-consultants-formateurs\/\" data-type=\"URL\" data-id=\"http:\/\/sc1jsxj5307.universe.wf\/index.php\/presentation-des-consultants-formateurs\/\">sur la page correspondante.<\/a><\/p>\n<p><!-- \/wp:paragraph --><\/p>\n<p><!-- wp:paragraph --><\/p>\n<p><!-- \/wp:paragraph --><\/p>\n<p><!-- wp:heading {\"textColor\":\"accent\"} --><\/p>\n<p><!-- \/wp:paragraph --><\/p>\n<p><!-- wp:paragraph --><\/p>\n<p><!-- \/wp:paragraph --><\/p>\n<p><!-- wp:paragraph --><\/p>\n<p><!-- \/wp:paragraph --><\/p>\t\t\t\t\t\t<\/div>\n\t\t\t\t<\/div>\n\t\t\t\t\t<\/div>\n\t\t<\/div>\n\t\t\t\t\t\t\t<\/div>\n\t\t<\/section>\n\t\t\t\t\t\t<\/div>\n\t\t\t\t\t<\/div>\n\t\t","protected":false},"excerpt":{"rendered":"<p>Comment peut-on d\u00e9finir la vie affective et la vie sexuelle (VAS) ? Existe-t-il des sp\u00e9cificit\u00e9s li\u00e9es au handicap ? Quelle diff\u00e9rence entre \u00e9ducation sexuelle et accompagnement \u00e0 la vie sexuelle ? Au niveau l\u00e9gal, que dit la loi en termes de vie sexuelle des personnes en situation de handicap ? [&hellip;]<\/p>\n","protected":false},"author":2,"featured_media":0,"parent":134,"menu_order":0,"comment_status":"closed","ping_status":"closed","template":"","meta":{"footnotes":""},"class_list":["post-150","page","type-page","status-publish","hentry"],"_links":{"self":[{"href":"https:\/\/artisansdhumanite.fr\/index.php\/wp-json\/wp\/v2\/pages\/150","targetHints":{"allow":["GET"]}}],"collection":[{"href":"https:\/\/artisansdhumanite.fr\/index.php\/wp-json\/wp\/v2\/pages"}],"about":[{"href":"https:\/\/artisansdhumanite.fr\/index.php\/wp-json\/wp\/v2\/types\/page"}],"author":[{"embeddable":true,"href":"https:\/\/artisansdhumanite.fr\/index.php\/wp-json\/wp\/v2\/users\/2"}],"replies":[{"embeddable":true,"href":"https:\/\/artisansdhumanite.fr\/index.php\/wp-json\/wp\/v2\/comments?post=150"}],"version-history":[{"count":14,"href":"https:\/\/artisansdhumanite.fr\/index.php\/wp-json\/wp\/v2\/pages\/150\/revisions"}],"predecessor-version":[{"id":336,"href":"https:\/\/artisansdhumanite.fr\/index.php\/wp-json\/wp\/v2\/pages\/150\/revisions\/336"}],"up":[{"embeddable":true,"href":"https:\/\/artisansdhumanite.fr\/index.php\/wp-json\/wp\/v2\/pages\/134"}],"wp:attachment":[{"href":"https:\/\/artisansdhumanite.fr\/index.php\/wp-json\/wp\/v2\/media?parent=150"}],"curies":[{"name":"wp","href":"https:\/\/api.w.org\/{rel}","templated":true}]}}